{"id":6410,"date":"2025-01-22T14:48:11","date_gmt":"2025-01-22T14:48:11","guid":{"rendered":"https:\/\/www.i-tuscany.com\/?post_type=product&#038;p=6410"},"modified":"2025-11-26T18:06:00","modified_gmt":"2025-11-26T18:06:00","slug":"magnum-1-5-lt-dioneo-igt-toscana-rosso-supertuscan","status":"publish","type":"product","link":"https:\/\/www.i-tuscany.com\/it\/magnum-1-5-lt-dioneo-igt-toscana-rosso-supertuscan\/","title":{"rendered":"MAGNUM (1.5 Lt.) DIONEO &#8211; Igt Rosso SuperTuscan"},"content":{"rendered":"<p>L&#8217;edizione Magnum (bottiglia da 1.5 Lt) di Dioneo, \u00e8 un&#8217;ottima idea regalo per lui o per eventi speciali, come cene particolari con amici.<\/p>\n<p>Uvaggio principale Sangiovese e Cabernet Sauvignon, questo vino, imbottigliato al suo terzo anno di vita, vi sorprender\u00e0 con il suo bel colore rosso caldo ed intenso e con i suoi profumi travolgenti.<\/p>\n<p>Dotato di forte personalit\u00e0, vi soddisfer\u00e0 con autentica schiettezza ed ironica irriverenza verso vini assai pi\u00f9 blasonati.<\/p>\n<p>Consigliato in abbinamento con carni alla brace, salumi di selvaggina e formaggi mediamente stagionati.<\/p>\n<p>La cassetta in legno che contiene il vino \u00e8 inclusa nel prezzo.<\/p>\n","protected":false},"excerpt":{"rendered":"<p>Annate disponibili: 2021<br \/>\nUvaggio: Sangiovese e Cabernet Sauvignon<br \/>\nAffinamento: 12 mesi in barriques e 24 mesi in bottiglia<br \/>\nAlcol: 15% vol.<br \/>\nViticoltore:\u00a0<em>Raffaello Viani,\u00a0<\/em>Azienda Agricola<em>\u00a0A Solatio<\/em><\/p>\n<p>Formato speciale bottiglia: MAGNUM (1.5 Lt.)<\/p>\n","protected":false},"featured_media":6413,"comment_status":"open","ping_status":"closed","template":"","meta":[],"product_brand":[],"product_cat":[1650,17],"product_tag":[],"class_list":{"0":"post-6410","1":"product","2":"type-product","3":"status-publish","4":"has-post-thumbnail","6":"product_cat-jeroboam-magnum","7":"product_cat-vini-toscani","8":"product_shipping_class-wine","10":"first","11":"instock","12":"sold-individually","13":"taxable","14":"shipping-taxable","15":"purchasable","16":"product-type-simple"},"_links":{"self":[{"href":"https:\/\/www.i-tuscany.com\/it\/wp-json\/wp\/v2\/product\/6410","targetHints":{"allow":["GET"]}}],"collection":[{"href":"https:\/\/www.i-tuscany.com\/it\/wp-json\/wp\/v2\/product"}],"about":[{"href":"https:\/\/www.i-tuscany.com\/it\/wp-json\/wp\/v2\/types\/product"}],"replies":[{"embeddable":true,"href":"https:\/\/www.i-tuscany.com\/it\/wp-json\/wp\/v2\/comments?post=6410"}],"wp:featuredmedia":[{"embeddable":true,"href":"https:\/\/www.i-tuscany.com\/it\/wp-json\/wp\/v2\/media\/6413"}],"wp:attachment":[{"href":"https:\/\/www.i-tuscany.com\/it\/wp-json\/wp\/v2\/media?parent=6410"}],"wp:term":[{"taxonomy":"product_brand","embeddable":true,"href":"https:\/\/www.i-tuscany.com\/it\/wp-json\/wp\/v2\/product_brand?post=6410"},{"taxonomy":"product_cat","embeddable":true,"href":"https:\/\/www.i-tuscany.com\/it\/wp-json\/wp\/v2\/product_cat?post=6410"},{"taxonomy":"product_tag","embeddable":true,"href":"https:\/\/www.i-tuscany.com\/it\/wp-json\/wp\/v2\/product_tag?post=6410"}],"curies":[{"name":"wp","href":"https:\/\/api.w.org\/{rel}","templated":true}]}}