{"id":6336,"date":"2025-01-20T10:22:52","date_gmt":"2025-01-20T10:22:52","guid":{"rendered":"https:\/\/www.i-tuscany.com\/?post_type=product&#038;p=6336"},"modified":"2025-12-03T14:44:09","modified_gmt":"2025-12-03T14:44:09","slug":"pranzo-o-cena-in-azienda","status":"publish","type":"product","link":"https:\/\/www.i-tuscany.com\/it\/degustazione-vino-e-olio-copia\/","title":{"rendered":"Pranzo o cena in azienda"},"content":{"rendered":"<p><img fetchpriority=\"high\" decoding=\"async\" class=\"alignnone size-medium wp-image-6364\" src=\"https:\/\/www.i-tuscany.com\/wp-content\/uploads\/2025\/01\/1-300x200.jpg\" alt=\"Cena o pranzo in azienda\" width=\"300\" height=\"200\" srcset=\"https:\/\/www.i-tuscany.com\/wp-content\/uploads\/2025\/01\/1-300x200.jpg 300w, https:\/\/www.i-tuscany.com\/wp-content\/uploads\/2025\/01\/1-1024x682.jpg 1024w, https:\/\/www.i-tuscany.com\/wp-content\/uploads\/2025\/01\/1-768x512.jpg 768w, https:\/\/www.i-tuscany.com\/wp-content\/uploads\/2025\/01\/1-1536x1023.jpg 1536w, https:\/\/www.i-tuscany.com\/wp-content\/uploads\/2025\/01\/1.jpg 1600w\" sizes=\"(max-width: 300px) 100vw, 300px\" \/><\/p>\n<p><span style=\"color: #008000;\"><strong>PRANZO oppure CENA DEGUSTAZIONE<\/strong> nel giardino o nella cantinetta dell\u2019azienda.<\/span><\/p>\n<p>Aperitivo su terrazze panoramiche (con il bel tempo), degustazione di 2 Oli EVO di grande pregio oltre a 5 vini (di cui 3 Supertuscan) con men\u00f9 fisso composto da 5 portate.<\/p>\n<p>Opzioni vegetariana e vegana disponibili su preavviso.<\/p>\n<p>Potrete visitare liberamente i vigneti e oliveti godendo dei fantastici scenari della campagna toscana.<\/p>\n<p>Tempo stimato 3 ore circa.<\/p>\n<p>Per l\u2019orario del pranzo (ore 12.00) non ci sono minimi da rispettare mentre per la cena (ore 18.30) \u00e8 richiesto un numero minimo di 6 persone, nel caso siate un numero inferiore o last minute contattateci su WhatsApp (+393922122040) per verificare la fattibilit\u00e0.<\/p>\n<p><strong>\u20ac 65,00 a persona<\/strong><\/p>\n<p><span style=\"color: #008000;\"><strong>Su specifica richiesta<\/strong><\/span> (ituscany.booking@gmail.com oppure messaggio WhatsApp +39 392 2122040) possiamo organizzare <span style=\"color: #008000;\"><strong>PRANZO DEGUSTAZIONE oppure CENA DEGUSTAZIONE\u00a0 SULLA TERRAZZA PANORAMICA<\/strong><\/span>, <strong>SEMPRE<\/strong> con un minimo di 6 partecipanti , al costo di <strong>\u20ac 80,00 per persona<\/strong>.<\/p>\n<p><strong>I CAMPER SONO BENVENUTI!!! Se prenotate la cena \u00e8 possibile sostare presso la nostra azienda per la notte gratuitamente. Chiamare per la disponibilit\u00e0<\/strong><\/p>\n<p>Rinnoviamo l\u2019invito ad aggiornarci con congruo anticipo in caso di mancata presenza. Grazie.<\/p>\n","protected":false},"excerpt":{"rendered":"<p><strong>ESPERIENZA DI TOSCANITA&#8217;<\/strong><\/p>\n<p><strong>Siamo una vera e propria Azienda Agricola <\/strong>dove tutti i servizi sono incentrati sulla degustazione di olio e vini di nostra esclusiva produzione ai quali vengono abbinati cibi tipicamente toscani preparati nella cucina dell\u2019azienda.<\/p>\n<p>Procedere direttamente sul sito per la prenotazione, nessun pagamento in anticipo \u00e8 richiesto, chiediamo solo di rispettare l\u2019appuntamento preso perch\u00e9, essendo <strong>una piccola realt\u00e0, ogni posto \u00e8 per noi davvero prezioso.<\/strong><\/p>\n","protected":false},"featured_media":6367,"comment_status":"open","ping_status":"closed","template":"","meta":[],"product_brand":[],"product_cat":[1625],"product_tag":[],"class_list":{"0":"post-6336","1":"product","2":"type-product","3":"status-publish","4":"has-post-thumbnail","6":"product_cat-degustazioni","8":"first","9":"instock","10":"virtual","11":"sold-individually","12":"taxable","13":"purchasable","14":"product-type-booking"},"_links":{"self":[{"href":"https:\/\/www.i-tuscany.com\/it\/wp-json\/wp\/v2\/product\/6336","targetHints":{"allow":["GET"]}}],"collection":[{"href":"https:\/\/www.i-tuscany.com\/it\/wp-json\/wp\/v2\/product"}],"about":[{"href":"https:\/\/www.i-tuscany.com\/it\/wp-json\/wp\/v2\/types\/product"}],"replies":[{"embeddable":true,"href":"https:\/\/www.i-tuscany.com\/it\/wp-json\/wp\/v2\/comments?post=6336"}],"wp:featuredmedia":[{"embeddable":true,"href":"https:\/\/www.i-tuscany.com\/it\/wp-json\/wp\/v2\/media\/6367"}],"wp:attachment":[{"href":"https:\/\/www.i-tuscany.com\/it\/wp-json\/wp\/v2\/media?parent=6336"}],"wp:term":[{"taxonomy":"product_brand","embeddable":true,"href":"https:\/\/www.i-tuscany.com\/it\/wp-json\/wp\/v2\/product_brand?post=6336"},{"taxonomy":"product_cat","embeddable":true,"href":"https:\/\/www.i-tuscany.com\/it\/wp-json\/wp\/v2\/product_cat?post=6336"},{"taxonomy":"product_tag","embeddable":true,"href":"https:\/\/www.i-tuscany.com\/it\/wp-json\/wp\/v2\/product_tag?post=6336"}],"curies":[{"name":"wp","href":"https:\/\/api.w.org\/{rel}","templated":true}]}}