{"id":575,"date":"2019-11-19T13:37:49","date_gmt":"2019-11-19T13:37:49","guid":{"rendered":"https:\/\/www.i-tuscany.com\/?post_type=product&#038;p=575"},"modified":"2020-01-08T09:38:58","modified_gmt":"2020-01-08T09:38:58","slug":"cucchiaio-da-cucina","status":"publish","type":"product","link":"https:\/\/www.i-tuscany.com\/it\/cucchiaio-da-cucina\/","title":{"rendered":"Cucchiaio da Cucina"},"content":{"rendered":"<h2>Cucchiaio da cucina in Legno d&#8217; Olivo<\/h2>\n<p>Il cucchiaio in legno d&#8217;olivo \u00e8 un utensile da cucina molto in uso in tutto il mondo grazie alla sua resistenza al calore, la durezza del legno e bellezza tipica del legno d&#8217;olivo.<\/p>\n","protected":false},"excerpt":{"rendered":"<p>Un\u00a0utensile da cucina indispensabile\u00a0e adatto per mescolare le vostre salse o qualsiasi altro alimento in fase di cottura. Il legno d&#8217;olivo infatti non \u00e8 poroso come altri legno presenti sul mercato a buon prezzo come il bamb\u00f9; cio&#8217; garantisce una maggiore igiene e la durezza del legno d&#8217;olivo render\u00e0 il vostro mestolo indistruttibile. La collezione\u00a0Legno d&#8217;Olivo\u00a0di\u00a0i-Tuscany\u00a0non poteva mancare dunque di questo oggetto utilissimo per cucinare!<\/p>\n","protected":false},"featured_media":654,"comment_status":"open","ping_status":"closed","template":"","meta":[],"product_brand":[],"product_cat":[15],"product_tag":[],"class_list":{"0":"post-575","1":"product","2":"type-product","3":"status-publish","4":"has-post-thumbnail","6":"product_cat-uncategorized","8":"first","9":"outofstock","10":"taxable","11":"shipping-taxable","12":"purchasable","13":"product-type-simple"},"_links":{"self":[{"href":"https:\/\/www.i-tuscany.com\/it\/wp-json\/wp\/v2\/product\/575","targetHints":{"allow":["GET"]}}],"collection":[{"href":"https:\/\/www.i-tuscany.com\/it\/wp-json\/wp\/v2\/product"}],"about":[{"href":"https:\/\/www.i-tuscany.com\/it\/wp-json\/wp\/v2\/types\/product"}],"replies":[{"embeddable":true,"href":"https:\/\/www.i-tuscany.com\/it\/wp-json\/wp\/v2\/comments?post=575"}],"wp:featuredmedia":[{"embeddable":true,"href":"https:\/\/www.i-tuscany.com\/it\/wp-json\/wp\/v2\/media\/654"}],"wp:attachment":[{"href":"https:\/\/www.i-tuscany.com\/it\/wp-json\/wp\/v2\/media?parent=575"}],"wp:term":[{"taxonomy":"product_brand","embeddable":true,"href":"https:\/\/www.i-tuscany.com\/it\/wp-json\/wp\/v2\/product_brand?post=575"},{"taxonomy":"product_cat","embeddable":true,"href":"https:\/\/www.i-tuscany.com\/it\/wp-json\/wp\/v2\/product_cat?post=575"},{"taxonomy":"product_tag","embeddable":true,"href":"https:\/\/www.i-tuscany.com\/it\/wp-json\/wp\/v2\/product_tag?post=575"}],"curies":[{"name":"wp","href":"https:\/\/api.w.org\/{rel}","templated":true}]}}