{"id":4449,"date":"2024-01-26T17:51:46","date_gmt":"2024-01-26T17:51:46","guid":{"rendered":"https:\/\/www.i-tuscany.com\/?post_type=product&#038;p=4449"},"modified":"2025-11-24T15:04:21","modified_gmt":"2025-11-24T15:04:21","slug":"lavventuriero-brut-vino-spumante","status":"publish","type":"product","link":"https:\/\/www.i-tuscany.com\/it\/lavventuriero-brut-vino-spumante\/","title":{"rendered":"L&#8217;AVVENTURIERO &#8211; Brut &#8211; Vino Spumante"},"content":{"rendered":"<p>L&#8217;Avventuriero BRUT &#8211; Trebbiano Toscano<\/p>\n<p>Nel suo nome il destino di questo vino estratto da uve trebbiano, sapientemente vinificato per ottenere una perfetta base da destinare al spumantizzazione con il metodo Martinotti-Charmat lungo; questa cura consente perlages fini e persistenti, cos\u00ec eleganti da competere con il metodo classico, ma soprattutto \u00e8 una lavorazione che non nasconde l&#8217;identit\u00e0 della sua origine toscana.<\/p>\n<p>Un consiglio: lasciatevi trasportare da questa avventura&#8230;vi sorprender\u00e0!<\/p>\n<p>&nbsp;<\/p>\n<p>&nbsp;<\/p>\n","protected":false},"excerpt":{"rendered":"<p>Annate disponibili: 2024<br \/>\nUvaggio: Trebbiano Toscano<br \/>\nAlcol: 12,0% vol.<br \/>\nViticoltore:\u00a0<em>Raffaello Viani,\u00a0<\/em>Azienda Agricola<em>\u00a0A Solatio<\/em><\/p>\n","protected":false},"featured_media":4848,"comment_status":"closed","ping_status":"closed","template":"","meta":[],"product_brand":[],"product_cat":[29,17],"product_tag":[],"class_list":{"0":"post-4449","1":"product","2":"type-product","3":"status-publish","4":"has-post-thumbnail","6":"product_cat-vini","7":"product_cat-vini-toscani","9":"first","10":"instock","11":"taxable","12":"shipping-taxable","13":"purchasable","14":"product-type-simple"},"_links":{"self":[{"href":"https:\/\/www.i-tuscany.com\/it\/wp-json\/wp\/v2\/product\/4449","targetHints":{"allow":["GET"]}}],"collection":[{"href":"https:\/\/www.i-tuscany.com\/it\/wp-json\/wp\/v2\/product"}],"about":[{"href":"https:\/\/www.i-tuscany.com\/it\/wp-json\/wp\/v2\/types\/product"}],"replies":[{"embeddable":true,"href":"https:\/\/www.i-tuscany.com\/it\/wp-json\/wp\/v2\/comments?post=4449"}],"wp:featuredmedia":[{"embeddable":true,"href":"https:\/\/www.i-tuscany.com\/it\/wp-json\/wp\/v2\/media\/4848"}],"wp:attachment":[{"href":"https:\/\/www.i-tuscany.com\/it\/wp-json\/wp\/v2\/media?parent=4449"}],"wp:term":[{"taxonomy":"product_brand","embeddable":true,"href":"https:\/\/www.i-tuscany.com\/it\/wp-json\/wp\/v2\/product_brand?post=4449"},{"taxonomy":"product_cat","embeddable":true,"href":"https:\/\/www.i-tuscany.com\/it\/wp-json\/wp\/v2\/product_cat?post=4449"},{"taxonomy":"product_tag","embeddable":true,"href":"https:\/\/www.i-tuscany.com\/it\/wp-json\/wp\/v2\/product_tag?post=4449"}],"curies":[{"name":"wp","href":"https:\/\/api.w.org\/{rel}","templated":true}]}}