{"id":4430,"date":"2023-11-10T17:03:16","date_gmt":"2023-11-10T17:03:16","guid":{"rendered":"https:\/\/www.i-tuscany.com\/?post_type=product&#038;p=4430"},"modified":"2025-10-03T15:56:21","modified_gmt":"2025-10-03T15:56:21","slug":"gioia-igt-toscana-rose","status":"publish","type":"product","link":"https:\/\/www.i-tuscany.com\/it\/gioia-rose-igt-toscana\/","title":{"rendered":"GIOIA &#8211; Igt Toscana Ros\u00e8"},"content":{"rendered":"<p>GIOIA nasce come vino rosso, ma a met\u00e0 cambia idea e vuole diventare un vino bianco&#8230;Troppo tardi: \u00e8 ROSA!!!<\/p>\n<p>Istrionico per natura, produce infinite sfumature di colore e note caratteriali altrettanto diverse; ottenuto da uve Sangiovese\/Ciliegiolo, aspetto pi\u00f9 rosso che bianco, volevamo che il nostro rosato fosse indipendente e irrispettoso come un autentico toscano.<\/p>\n","protected":false},"excerpt":{"rendered":"<p>Annate disponibili: 2024<br \/>\nUvaggio: Sangiovese e Ciliegiolo<br \/>\nAlcol: 13,0% vol.<br \/>\nViticoltore:\u00a0<em>Raffaello Viani,\u00a0<\/em>Azienda Agricola<em>\u00a0A Solatio<\/em><\/p>\n","protected":false},"featured_media":4446,"comment_status":"closed","ping_status":"closed","template":"","meta":[],"product_brand":[],"product_cat":[29,17],"product_tag":[],"class_list":{"0":"post-4430","1":"product","2":"type-product","3":"status-publish","4":"has-post-thumbnail","6":"product_cat-vini","7":"product_cat-vini-toscani","9":"first","10":"instock","11":"purchasable","12":"product-type-simple"},"_links":{"self":[{"href":"https:\/\/www.i-tuscany.com\/it\/wp-json\/wp\/v2\/product\/4430","targetHints":{"allow":["GET"]}}],"collection":[{"href":"https:\/\/www.i-tuscany.com\/it\/wp-json\/wp\/v2\/product"}],"about":[{"href":"https:\/\/www.i-tuscany.com\/it\/wp-json\/wp\/v2\/types\/product"}],"replies":[{"embeddable":true,"href":"https:\/\/www.i-tuscany.com\/it\/wp-json\/wp\/v2\/comments?post=4430"}],"wp:featuredmedia":[{"embeddable":true,"href":"https:\/\/www.i-tuscany.com\/it\/wp-json\/wp\/v2\/media\/4446"}],"wp:attachment":[{"href":"https:\/\/www.i-tuscany.com\/it\/wp-json\/wp\/v2\/media?parent=4430"}],"wp:term":[{"taxonomy":"product_brand","embeddable":true,"href":"https:\/\/www.i-tuscany.com\/it\/wp-json\/wp\/v2\/product_brand?post=4430"},{"taxonomy":"product_cat","embeddable":true,"href":"https:\/\/www.i-tuscany.com\/it\/wp-json\/wp\/v2\/product_cat?post=4430"},{"taxonomy":"product_tag","embeddable":true,"href":"https:\/\/www.i-tuscany.com\/it\/wp-json\/wp\/v2\/product_tag?post=4430"}],"curies":[{"name":"wp","href":"https:\/\/api.w.org\/{rel}","templated":true}]}}