{"id":4350,"date":"2023-10-23T15:40:32","date_gmt":"2023-10-23T15:40:32","guid":{"rendered":"https:\/\/www.i-tuscany.com\/?post_type=product&#038;p=4350"},"modified":"2025-11-21T11:13:38","modified_gmt":"2025-11-21T11:13:38","slug":"cesta-regalo-auriga","status":"publish","type":"product","link":"https:\/\/www.i-tuscany.com\/it\/cesta-regalo-auriga\/","title":{"rendered":"Cesta Regalo &#8220;Auriga&#8221;"},"content":{"rendered":"<p>Una selezione panoramica dei rossi della nostra azienda agricola A Solatio.<\/p>\n<ul>\n<li><a href=\"https:\/\/www.i-tuscany.com\/it\/imeli-supertuscan\/\">I Meli &#8211;\u00a0 IGT Toscana &#8211; Cabernet Sauvignon, Sangiovese &#8211; 2020<\/a><\/li>\n<li><a href=\"https:\/\/www.i-tuscany.com\/it\/vino-rosso-dioneo\/\">Dioneo &#8211; IGT Toscana &#8211; Sangiovese e Cabernet Sauvignon &#8211; 2021<\/a><\/li>\n<li>Ser Matteo \u2013 IGT Toscana \u2013 Cabernet Sauvignon, Colorino, Merlot, Sangiovese \u2013 2020<\/li>\n<li><a href=\"https:\/\/www.i-tuscany.com\/it\/purezza-sangiovese-igt-toscana-rosso\/\">Purezza \u2013 IGT Toscana \u2013 100% Sangiovese \u2013 2019<\/a><\/li>\n<li><a href=\"https:\/\/www.i-tuscany.com\/it\/vino-rosso-igt-toscana\/\">Donna Donella \u2013 Igt Toscana &#8211; Sangiovese e Ciliegiolo &#8211; 2021<\/a><\/li>\n<\/ul>\n<p>Le nostre ceste regalo si basano sulla produzione della nostra azienda agricola A Solatio, situata nel cuore della Toscana. L&#8217;aspetto che contraddistingue i nostri prodotti \u00e8 la Qualit\u00e0, la cui cura \u00e8 quasi maniacale. Vogliamo portare nelle vostre case un pezzetto di Toscana, e deliziarvi con i suoi prodotti pi\u00f9 autentici e genuini.<\/p>\n","protected":false},"excerpt":{"rendered":"<p>Una selezione panoramica dei rossi della nostra azienda agricola A Solatio. I Meli &#8211;\u00a0 IGT Toscana &#8211; Cabernet Sauvignon, Sangiovese &#8211; 2020 Dioneo &#8211; IGT Toscana &#8211; Sangiovese e Cabernet Sauvignon &#8211; 2021 Ser Matteo \u2013 IGT Toscana \u2013 Cabernet Sauvignon, Colorino, Merlot, Sangiovese \u2013 2020 Purezza \u2013 IGT Toscana \u2013 100% Sangiovese \u2013 2019 [&hellip;]<\/p>\n","protected":false},"featured_media":4353,"comment_status":"open","ping_status":"closed","template":"","meta":[],"product_brand":[],"product_cat":[1582],"product_tag":[],"class_list":{"0":"post-4350","1":"product","2":"type-product","3":"status-publish","4":"has-post-thumbnail","6":"product_cat-ceste-regalo","8":"first","9":"instock","10":"taxable","11":"shipping-taxable","12":"purchasable","13":"product-type-simple"},"_links":{"self":[{"href":"https:\/\/www.i-tuscany.com\/it\/wp-json\/wp\/v2\/product\/4350","targetHints":{"allow":["GET"]}}],"collection":[{"href":"https:\/\/www.i-tuscany.com\/it\/wp-json\/wp\/v2\/product"}],"about":[{"href":"https:\/\/www.i-tuscany.com\/it\/wp-json\/wp\/v2\/types\/product"}],"replies":[{"embeddable":true,"href":"https:\/\/www.i-tuscany.com\/it\/wp-json\/wp\/v2\/comments?post=4350"}],"wp:featuredmedia":[{"embeddable":true,"href":"https:\/\/www.i-tuscany.com\/it\/wp-json\/wp\/v2\/media\/4353"}],"wp:attachment":[{"href":"https:\/\/www.i-tuscany.com\/it\/wp-json\/wp\/v2\/media?parent=4350"}],"wp:term":[{"taxonomy":"product_brand","embeddable":true,"href":"https:\/\/www.i-tuscany.com\/it\/wp-json\/wp\/v2\/product_brand?post=4350"},{"taxonomy":"product_cat","embeddable":true,"href":"https:\/\/www.i-tuscany.com\/it\/wp-json\/wp\/v2\/product_cat?post=4350"},{"taxonomy":"product_tag","embeddable":true,"href":"https:\/\/www.i-tuscany.com\/it\/wp-json\/wp\/v2\/product_tag?post=4350"}],"curies":[{"name":"wp","href":"https:\/\/api.w.org\/{rel}","templated":true}]}}