{"id":4345,"date":"2023-10-23T15:19:44","date_gmt":"2023-10-23T15:19:44","guid":{"rendered":"https:\/\/www.i-tuscany.com\/?post_type=product&#038;p=4345"},"modified":"2025-11-21T11:05:05","modified_gmt":"2025-11-21T11:05:05","slug":"cesta-regalo-ariete","status":"publish","type":"product","link":"https:\/\/www.i-tuscany.com\/it\/cesta-regalo-ariete\/","title":{"rendered":"Cesta Regalo &#8220;Ariete&#8221;"},"content":{"rendered":"<p>La Toscana nel cesto! Potrai gustare il meglio dei sapori toscani.<\/p>\n<ul>\n<li>2 bottiglie di <a href=\"https:\/\/www.i-tuscany.com\/it\/olio-organico-monovarietale\/\">Olio EVO Biologico Monovarietale 0.75lt &#8211; Raccolta novembre 2025<\/a><\/li>\n<li>2 bottiglie di <a href=\"https:\/\/www.i-tuscany.com\/it\/imeli-supertuscan\/\">&#8220;I Meli&#8221; IGT Toscana &#8211; Cabernet Sauvignon, Sangiovese &#8211; annate 2015 e 2020<\/a><\/li>\n<li>Ser Matteo \u2013 IGT Toscana \u2013 Cabernet Sauvignon, Colorino, Merlot, Sangiovese \u2013 2020<\/li>\n<\/ul>\n<p>Le nostre ceste regalo si basano sulla produzione della nostra azienda agricola A Solatio, situata nel cuore della Toscana. L&#8217;aspetto che contraddistingue i nostri prodotti \u00e8 la Qualit\u00e0, la cui cura \u00e8 quasi maniacale. Vogliamo portare nelle vostre case un pezzetto di Toscana, e deliziarvi con i suoi prodotti pi\u00f9 autentici e genuini.<\/p>\n","protected":false},"excerpt":{"rendered":"<p>La Toscana nel cesto! Potrai gustare il meglio dei sapori toscani. 2 bottiglie di Olio EVO Biologico Monovarietale 0.75lt &#8211; Raccolta novembre 2025 2 bottiglie di &#8220;I Meli&#8221; IGT Toscana &#8211; Cabernet Sauvignon, Sangiovese &#8211; annate 2015 e 2020 Ser Matteo \u2013 IGT Toscana \u2013 Cabernet Sauvignon, Colorino, Merlot, Sangiovese \u2013 2020 Le nostre ceste [&hellip;]<\/p>\n","protected":false},"featured_media":4347,"comment_status":"open","ping_status":"closed","template":"","meta":[],"product_brand":[],"product_cat":[1582],"product_tag":[],"class_list":{"0":"post-4345","1":"product","2":"type-product","3":"status-publish","4":"has-post-thumbnail","6":"product_cat-ceste-regalo","8":"first","9":"instock","10":"taxable","11":"shipping-taxable","12":"purchasable","13":"product-type-simple"},"_links":{"self":[{"href":"https:\/\/www.i-tuscany.com\/it\/wp-json\/wp\/v2\/product\/4345","targetHints":{"allow":["GET"]}}],"collection":[{"href":"https:\/\/www.i-tuscany.com\/it\/wp-json\/wp\/v2\/product"}],"about":[{"href":"https:\/\/www.i-tuscany.com\/it\/wp-json\/wp\/v2\/types\/product"}],"replies":[{"embeddable":true,"href":"https:\/\/www.i-tuscany.com\/it\/wp-json\/wp\/v2\/comments?post=4345"}],"wp:featuredmedia":[{"embeddable":true,"href":"https:\/\/www.i-tuscany.com\/it\/wp-json\/wp\/v2\/media\/4347"}],"wp:attachment":[{"href":"https:\/\/www.i-tuscany.com\/it\/wp-json\/wp\/v2\/media?parent=4345"}],"wp:term":[{"taxonomy":"product_brand","embeddable":true,"href":"https:\/\/www.i-tuscany.com\/it\/wp-json\/wp\/v2\/product_brand?post=4345"},{"taxonomy":"product_cat","embeddable":true,"href":"https:\/\/www.i-tuscany.com\/it\/wp-json\/wp\/v2\/product_cat?post=4345"},{"taxonomy":"product_tag","embeddable":true,"href":"https:\/\/www.i-tuscany.com\/it\/wp-json\/wp\/v2\/product_tag?post=4345"}],"curies":[{"name":"wp","href":"https:\/\/api.w.org\/{rel}","templated":true}]}}