{"id":4338,"date":"2023-10-23T15:01:07","date_gmt":"2023-10-23T15:01:07","guid":{"rendered":"https:\/\/www.i-tuscany.com\/?post_type=product&#038;p=4338"},"modified":"2025-11-21T10:55:44","modified_gmt":"2025-11-21T10:55:44","slug":"cesta-regalo-aquila","status":"publish","type":"product","link":"https:\/\/www.i-tuscany.com\/it\/cesta-regalo-aquila\/","title":{"rendered":"Cesta Regalo &#8220;Aquila&#8221;"},"content":{"rendered":"<p>Cesto gastronomico composto da pi\u00f9 prodotti volto a rappresentare al 100% la campagna Toscana.<\/p>\n<ol>\n<li><a href=\"https:\/\/www.i-tuscany.com\/it\/purezza-sangiovese-igt-toscana-rosso\/\">Purezza &#8211; IGT Toscana &#8211; 100% Sangiovese &#8211; 2019<\/a><\/li>\n<li><a href=\"https:\/\/www.i-tuscany.com\/it\/olio-organico-monovarietale\/\">Olio EVO Biologico Monovarietale 0.75lt &#8211; Raccolta novembre 2025<\/a><\/li>\n<li>Salame al tartufo<\/li>\n<li>Carciofini sott&#8217;olio<\/li>\n<li><a href=\"https:\/\/www.i-tuscany.com\/it\/pecorino-appassito\/\">Pecorino appassito (1 kg)<\/a><\/li>\n<li><a href=\"https:\/\/www.i-tuscany.com\/it\/miele-al-tartufo\/\">Miele d&#8217;Acacia al Tartufo<\/a><\/li>\n<\/ol>\n<p>Le nostre ceste regalo si basano sulla produzione della nostra azienda agricola A Solatio, situata nel cuore della Toscana. L&#8217;aspetto che contraddistingue i nostri prodotti \u00e8 la Qualit\u00e0, la cui cura \u00e8 quasi maniacale. Vogliamo portare nelle vostre case un pezzetto di Toscana, e deliziarvi con i suoi prodotti pi\u00f9 autentici e genuini.<\/p>\n","protected":false},"excerpt":{"rendered":"<p>Cesto gastronomico composto da pi\u00f9 prodotti volto a rappresentare al 100% la campagna Toscana. Purezza &#8211; IGT Toscana &#8211; 100% Sangiovese &#8211; 2019 Olio EVO Biologico Monovarietale 0.75lt &#8211; Raccolta novembre 2025 Salame al tartufo Carciofini sott&#8217;olio Pecorino appassito (1 kg) Miele d&#8217;Acacia al Tartufo Le nostre ceste regalo si basano sulla produzione della nostra [&hellip;]<\/p>\n","protected":false},"featured_media":4341,"comment_status":"open","ping_status":"closed","template":"","meta":[],"product_brand":[],"product_cat":[1582],"product_tag":[],"class_list":{"0":"post-4338","1":"product","2":"type-product","3":"status-publish","4":"has-post-thumbnail","6":"product_cat-ceste-regalo","7":"product_shipping_class-gift-boxes","9":"first","10":"instock","11":"taxable","12":"shipping-taxable","13":"purchasable","14":"product-type-simple"},"_links":{"self":[{"href":"https:\/\/www.i-tuscany.com\/it\/wp-json\/wp\/v2\/product\/4338","targetHints":{"allow":["GET"]}}],"collection":[{"href":"https:\/\/www.i-tuscany.com\/it\/wp-json\/wp\/v2\/product"}],"about":[{"href":"https:\/\/www.i-tuscany.com\/it\/wp-json\/wp\/v2\/types\/product"}],"replies":[{"embeddable":true,"href":"https:\/\/www.i-tuscany.com\/it\/wp-json\/wp\/v2\/comments?post=4338"}],"wp:featuredmedia":[{"embeddable":true,"href":"https:\/\/www.i-tuscany.com\/it\/wp-json\/wp\/v2\/media\/4341"}],"wp:attachment":[{"href":"https:\/\/www.i-tuscany.com\/it\/wp-json\/wp\/v2\/media?parent=4338"}],"wp:term":[{"taxonomy":"product_brand","embeddable":true,"href":"https:\/\/www.i-tuscany.com\/it\/wp-json\/wp\/v2\/product_brand?post=4338"},{"taxonomy":"product_cat","embeddable":true,"href":"https:\/\/www.i-tuscany.com\/it\/wp-json\/wp\/v2\/product_cat?post=4338"},{"taxonomy":"product_tag","embeddable":true,"href":"https:\/\/www.i-tuscany.com\/it\/wp-json\/wp\/v2\/product_tag?post=4338"}],"curies":[{"name":"wp","href":"https:\/\/api.w.org\/{rel}","templated":true}]}}