{"id":4332,"date":"2023-10-23T14:27:38","date_gmt":"2023-10-23T14:27:38","guid":{"rendered":"https:\/\/www.i-tuscany.com\/?post_type=product&#038;p=4332"},"modified":"2025-11-21T10:39:42","modified_gmt":"2025-11-21T10:39:42","slug":"cesta-regalo-andromeda","status":"publish","type":"product","link":"https:\/\/www.i-tuscany.com\/it\/cesta-regalo-andromeda\/","title":{"rendered":"Cesta Regalo &#8220;Andromeda&#8221;"},"content":{"rendered":"<p>I tre vini hanno un denominatore comune: il Cabernet Sauvignon, occasione imperdibile per una &#8220;verticale&#8221; entusiasmante!<\/p>\n<ol>\n<li>Ser Matteo &#8211; IGT Toscana &#8211; Cabernet Sauvignon, Colorino, Merlot, Sangiovese &#8211; 2020<\/li>\n<li><a href=\"https:\/\/www.i-tuscany.com\/it\/imeli-supertuscan\/\">I Meli &#8211; IGT Toscana &#8211; Cabernet Sauvignon, Sangiovese &#8211; 2020<\/a><\/li>\n<li><a href=\"https:\/\/www.i-tuscany.com\/it\/vino-rosso-dioneo\/\">Dioneo &#8211; IGT Toscana &#8211; Sangiovese e Cabernet Sauvignon &#8211; 2021<\/a><\/li>\n<li><a href=\"https:\/\/www.i-tuscany.com\/it\/pecorino-riserva\/\">Pecorino Riserva (1 kg)<\/a><\/li>\n<li><a href=\"https:\/\/www.i-tuscany.com\/it\/miele-al-tartufo\/\">Miele d&#8217;Acacia al Tartufo<\/a><\/li>\n<\/ol>\n<p>Le nostre ceste regalo si basano sulla produzione della nostra azienda agricola A Solatio, situata nel cuore della Toscana. L&#8217;aspetto che contraddistingue i nostri prodotti \u00e8 la Qualit\u00e0, la cui cura \u00e8 quasi maniacale. Vogliamo portare nelle vostre case un pezzetto di Toscana, e deliziarvi con i suoi prodotti pi\u00f9 autentici e genuini.<\/p>\n<p>&nbsp;<\/p>\n","protected":false},"excerpt":{"rendered":"<p>I tre vini hanno un denominatore comune: il Cabernet Sauvignon, occasione imperdibile per una &#8220;verticale&#8221; entusiasmante! Ser Matteo &#8211; IGT Toscana &#8211; Cabernet Sauvignon, Colorino, Merlot, Sangiovese &#8211; 2020 I Meli &#8211; IGT Toscana &#8211; Cabernet Sauvignon, Sangiovese &#8211; 2020 Dioneo &#8211; IGT Toscana &#8211; Sangiovese e Cabernet Sauvignon &#8211; 2021 Pecorino Riserva (1 kg) [&hellip;]<\/p>\n","protected":false},"featured_media":4335,"comment_status":"open","ping_status":"closed","template":"","meta":[],"product_brand":[],"product_cat":[1582],"product_tag":[],"class_list":{"0":"post-4332","1":"product","2":"type-product","3":"status-publish","4":"has-post-thumbnail","6":"product_cat-ceste-regalo","7":"product_shipping_class-gift-boxes","9":"first","10":"instock","11":"taxable","12":"shipping-taxable","13":"purchasable","14":"product-type-simple"},"_links":{"self":[{"href":"https:\/\/www.i-tuscany.com\/it\/wp-json\/wp\/v2\/product\/4332","targetHints":{"allow":["GET"]}}],"collection":[{"href":"https:\/\/www.i-tuscany.com\/it\/wp-json\/wp\/v2\/product"}],"about":[{"href":"https:\/\/www.i-tuscany.com\/it\/wp-json\/wp\/v2\/types\/product"}],"replies":[{"embeddable":true,"href":"https:\/\/www.i-tuscany.com\/it\/wp-json\/wp\/v2\/comments?post=4332"}],"wp:featuredmedia":[{"embeddable":true,"href":"https:\/\/www.i-tuscany.com\/it\/wp-json\/wp\/v2\/media\/4335"}],"wp:attachment":[{"href":"https:\/\/www.i-tuscany.com\/it\/wp-json\/wp\/v2\/media?parent=4332"}],"wp:term":[{"taxonomy":"product_brand","embeddable":true,"href":"https:\/\/www.i-tuscany.com\/it\/wp-json\/wp\/v2\/product_brand?post=4332"},{"taxonomy":"product_cat","embeddable":true,"href":"https:\/\/www.i-tuscany.com\/it\/wp-json\/wp\/v2\/product_cat?post=4332"},{"taxonomy":"product_tag","embeddable":true,"href":"https:\/\/www.i-tuscany.com\/it\/wp-json\/wp\/v2\/product_tag?post=4332"}],"curies":[{"name":"wp","href":"https:\/\/api.w.org\/{rel}","templated":true}]}}