{"id":4320,"date":"2023-10-23T13:54:56","date_gmt":"2023-10-23T13:54:56","guid":{"rendered":"https:\/\/www.i-tuscany.com\/?post_type=product&#038;p=4320"},"modified":"2025-11-21T10:47:50","modified_gmt":"2025-11-21T10:47:50","slug":"cesta-regalo-antares","status":"publish","type":"product","link":"https:\/\/www.i-tuscany.com\/it\/cesta-regalo-antares\/","title":{"rendered":"Cesta Regalo &#8220;Antares&#8221;"},"content":{"rendered":"<p>Aperitivo? Ecco qua una risposta di carattere che non vi deluder\u00e0 sicuramente:<\/p>\n<ol>\n<li><a href=\"https:\/\/www.i-tuscany.com\/it\/aceto-balsamico-al-tartufo\/\">Aceto balsamico al gusto tartufo<\/a><\/li>\n<li>L&#8217;Avventuriero &#8211; Vino spumante, Trebbiano Toscano, 2024<\/li>\n<li><a href=\"https:\/\/www.i-tuscany.com\/it\/pecorino-appassito\/\">Pecorino Appassito (1 kg)<\/a><\/li>\n<li><a href=\"https:\/\/www.i-tuscany.com\/it\/cipolle-di-certaldo\/\">Composta di cipolle di Certaldo<\/a><\/li>\n<li>Salame al tartufo (0,5 kg)<\/li>\n<\/ol>\n<p>Le nostre ceste regalo si basano sulla produzione della nostra azienda agricola A Solatio, situata nel cuore della Toscana. L&#8217;aspetto che contraddistingue i nostri prodotti \u00e8 la Qualit\u00e0, la cui cura \u00e8 quasi maniacale. Vogliamo portare nelle vostre case un pezzetto di Toscana, e deliziarvi con i suoi prodotti pi\u00f9 autentici e genuini.<\/p>\n<p>&nbsp;<\/p>\n","protected":false},"excerpt":{"rendered":"<p>Aperitivo? Ecco qua una risposta di carattere che non vi deluder\u00e0 sicuramente: Aceto balsamico al gusto tartufo L&#8217;Avventuriero &#8211; Vino spumante, Trebbiano Toscano, 2024 Pecorino Appassito (1 kg) Composta di cipolle di Certaldo Salame al tartufo (0,5 kg) Le nostre ceste regalo si basano sulla produzione della nostra azienda agricola A Solatio, situata nel cuore [&hellip;]<\/p>\n","protected":false},"featured_media":4321,"comment_status":"open","ping_status":"closed","template":"","meta":[],"product_brand":[],"product_cat":[1582],"product_tag":[],"class_list":{"0":"post-4320","1":"product","2":"type-product","3":"status-publish","4":"has-post-thumbnail","6":"product_cat-ceste-regalo","7":"product_shipping_class-gift-boxes","9":"first","10":"instock","11":"taxable","12":"shipping-taxable","13":"purchasable","14":"product-type-simple"},"_links":{"self":[{"href":"https:\/\/www.i-tuscany.com\/it\/wp-json\/wp\/v2\/product\/4320","targetHints":{"allow":["GET"]}}],"collection":[{"href":"https:\/\/www.i-tuscany.com\/it\/wp-json\/wp\/v2\/product"}],"about":[{"href":"https:\/\/www.i-tuscany.com\/it\/wp-json\/wp\/v2\/types\/product"}],"replies":[{"embeddable":true,"href":"https:\/\/www.i-tuscany.com\/it\/wp-json\/wp\/v2\/comments?post=4320"}],"wp:featuredmedia":[{"embeddable":true,"href":"https:\/\/www.i-tuscany.com\/it\/wp-json\/wp\/v2\/media\/4321"}],"wp:attachment":[{"href":"https:\/\/www.i-tuscany.com\/it\/wp-json\/wp\/v2\/media?parent=4320"}],"wp:term":[{"taxonomy":"product_brand","embeddable":true,"href":"https:\/\/www.i-tuscany.com\/it\/wp-json\/wp\/v2\/product_brand?post=4320"},{"taxonomy":"product_cat","embeddable":true,"href":"https:\/\/www.i-tuscany.com\/it\/wp-json\/wp\/v2\/product_cat?post=4320"},{"taxonomy":"product_tag","embeddable":true,"href":"https:\/\/www.i-tuscany.com\/it\/wp-json\/wp\/v2\/product_tag?post=4320"}],"curies":[{"name":"wp","href":"https:\/\/api.w.org\/{rel}","templated":true}]}}