{"id":2642,"date":"2020-05-08T15:19:47","date_gmt":"2020-05-08T15:19:47","guid":{"rendered":"https:\/\/www.i-tuscany.com\/?post_type=product&#038;p=2642"},"modified":"2025-11-26T18:13:56","modified_gmt":"2025-11-26T18:13:56","slug":"jeroboam-dioneo","status":"publish","type":"product","link":"https:\/\/www.i-tuscany.com\/it\/jeroboam-dioneo\/","title":{"rendered":"JEROBOAM (3 Lt.) DIONEO &#8211; Igt Rosso SuperTuscan"},"content":{"rendered":"<p>L&#8217;edizione Jeroboam (bottiglia da 3 Lt) di Dioneo, \u00e8 un&#8217;ottima idea regalo per lui o per eventi speciali, come cene particolari con amici.<\/p>\n<p>La bottiglia Jeroboam equivale esattamente a 4 bottiglie standard (da 0,75) e quindi perfette per eventi dai 4 alle 8 persone, tenendo presente che il nostro vino, una volta aperta la bottiglia, acquista ancor piu sapori e profumi nei primi due o tre giorni.<\/p>\n<p>Uvaggio principale Sangiovese e Cabernet Sauvignon, questo vino, imbottigliato al suo terzo anno di vita, vi sorprender\u00e0 con il suo bel colore rosso caldo ed intenso e con i suoi profumi travolgenti.<\/p>\n<p>Dotato di forte personalit\u00e0, vi soddisfer\u00e0 con autentica schiettezza ed ironica irriverenza verso vini assai pi\u00f9 blasonati.<\/p>\n<p>Consigliato in abbinamento con carni alla brace, salumi di selvaggina e formaggi mediamente stagionati.<\/p>\n<p>La cassetta in legno che contiene il vino \u00e8 inclusa nel prezzo.<\/p>\n","protected":false},"excerpt":{"rendered":"<p>Annate disponibili: 2021<br \/>\nUvaggio: Sangiovese e Cabernet Sauvignon<br \/>\nAffinamento: 12 mesi in barriques e 24 mesi in bottiglia<br \/>\nAlcol: 15% vol.<br \/>\nViticoltore:\u00a0<em>Raffaello Viani,\u00a0<\/em>Azienda Agricola<em>\u00a0A Solatio<\/em><\/p>\n<p>Formato speciale bottiglia: JEROBOAM (3 Lt.)<\/p>\n","protected":false},"featured_media":6407,"comment_status":"open","ping_status":"closed","template":"","meta":[],"product_brand":[],"product_cat":[1650,17],"product_tag":[],"class_list":{"0":"post-2642","1":"product","2":"type-product","3":"status-publish","4":"has-post-thumbnail","6":"product_cat-jeroboam-magnum","7":"product_cat-vini-toscani","8":"product_shipping_class-wine","10":"first","11":"instock","12":"sold-individually","13":"taxable","14":"shipping-taxable","15":"purchasable","16":"product-type-simple"},"_links":{"self":[{"href":"https:\/\/www.i-tuscany.com\/it\/wp-json\/wp\/v2\/product\/2642","targetHints":{"allow":["GET"]}}],"collection":[{"href":"https:\/\/www.i-tuscany.com\/it\/wp-json\/wp\/v2\/product"}],"about":[{"href":"https:\/\/www.i-tuscany.com\/it\/wp-json\/wp\/v2\/types\/product"}],"replies":[{"embeddable":true,"href":"https:\/\/www.i-tuscany.com\/it\/wp-json\/wp\/v2\/comments?post=2642"}],"wp:featuredmedia":[{"embeddable":true,"href":"https:\/\/www.i-tuscany.com\/it\/wp-json\/wp\/v2\/media\/6407"}],"wp:attachment":[{"href":"https:\/\/www.i-tuscany.com\/it\/wp-json\/wp\/v2\/media?parent=2642"}],"wp:term":[{"taxonomy":"product_brand","embeddable":true,"href":"https:\/\/www.i-tuscany.com\/it\/wp-json\/wp\/v2\/product_brand?post=2642"},{"taxonomy":"product_cat","embeddable":true,"href":"https:\/\/www.i-tuscany.com\/it\/wp-json\/wp\/v2\/product_cat?post=2642"},{"taxonomy":"product_tag","embeddable":true,"href":"https:\/\/www.i-tuscany.com\/it\/wp-json\/wp\/v2\/product_tag?post=2642"}],"curies":[{"name":"wp","href":"https:\/\/api.w.org\/{rel}","templated":true}]}}