{"id":224,"date":"2019-09-30T11:15:41","date_gmt":"2019-09-30T11:15:41","guid":{"rendered":"https:\/\/i-tuscany.com\/?post_type=product&#038;p=224"},"modified":"2025-11-26T11:25:47","modified_gmt":"2025-11-26T11:25:47","slug":"olio-bio-0-500-lt-2","status":"publish","type":"product","link":"https:\/\/www.i-tuscany.com\/it\/olio-biologico-classico-toscano\/","title":{"rendered":"Olio EVO Biologico Classico"},"content":{"rendered":"<p>L\u2019olio Extra Vergine d\u2019Oliva (EVO) contenuto in questa lattina \u00e8 il risultato della spremitura di 5 differenti tipi di olive di prima scelta, raccolte sui terreni della nostra azienda agricola che si trova sulle pendici della valle del fiume Elsa nel cuore della Toscana.<\/p>\n<p>Dal gusto deciso, talvolta leggermente piccante, soddisfa in pieno l\u2019esigenza di coloro che vogliono dare un\u2019impronta incisiva ai propri piatti, usandolo sia fresco per le insalate che in modeste quantit\u00e0 per cucinare pietanze di carne e\/o di pesce.<\/p>\n<p>Tutti i nostri oli Extra Vergini d\u2019Oliva sono\u00a0<strong>certificati<\/strong>\u00a0<strong>biologici<\/strong>\u00a0in forza della tecnica di lavorazione e rispetto della filiera produttiva oltrech\u00e9 della loro bassissima acidit\u00e0 e ricchezza di polifenoli; queste peculiarit\u00e0 conferiscono ai nostri oli EVO una forte caratteristica di salubrit\u00e0 nonch\u00e9 un\u2019elevata efficacia nella cosmesi.<\/p>\n<p>Conservare in luogo fresco e asciutto, al riparo da gelo, fonti di calore e luce diretta.<\/p>\n","protected":false},"excerpt":{"rendered":"<p>Raccolta Novembre 2025<br \/>\nPrima spremitura a freddo<br \/>\nOlive raccolte sulla pianta<br \/>\nFrante nella stessa giornata di raccolta<br \/>\nOlivicoltore:\u00a0<em>Raffaello Viani,\u00a0<\/em>Azienda Agricola<em>\u00a0A Solatio<br \/>\n<\/em>Certificazione Biologica<em><br \/>\n<img decoding=\"async\" class=\"alignnone wp-image-1433\" src=\"https:\/\/www.i-tuscany.com\/wp-content\/uploads\/2019\/09\/certificazione-icea-300x123.jpg\" alt=\"certificazione biologico\" width=\"168\" height=\"69\" srcset=\"https:\/\/www.i-tuscany.com\/wp-content\/uploads\/2019\/09\/certificazione-icea-300x123.jpg 300w, https:\/\/www.i-tuscany.com\/wp-content\/uploads\/2019\/09\/certificazione-icea.jpg 389w\" sizes=\"(max-width: 168px) 100vw, 168px\" \/><br \/>\n<\/em>Organismo di controllo: ICEA-IT BIO 006<br \/>\nOperatore Controllato: B3409<em><br \/>\n<\/em><\/p>\n","protected":false},"featured_media":2484,"comment_status":"closed","ping_status":"closed","template":"","meta":[],"product_brand":[],"product_cat":[23,25],"product_tag":[],"class_list":{"0":"post-224","1":"product","2":"type-product","3":"status-publish","4":"has-post-thumbnail","6":"product_cat-olio-di-oliva","7":"product_cat-olio-extravergine-di-oliva","8":"product_shipping_class-olive-oils","10":"first","11":"instock","12":"taxable","13":"shipping-taxable","14":"purchasable","15":"product-type-variable"},"_links":{"self":[{"href":"https:\/\/www.i-tuscany.com\/it\/wp-json\/wp\/v2\/product\/224","targetHints":{"allow":["GET"]}}],"collection":[{"href":"https:\/\/www.i-tuscany.com\/it\/wp-json\/wp\/v2\/product"}],"about":[{"href":"https:\/\/www.i-tuscany.com\/it\/wp-json\/wp\/v2\/types\/product"}],"replies":[{"embeddable":true,"href":"https:\/\/www.i-tuscany.com\/it\/wp-json\/wp\/v2\/comments?post=224"}],"wp:featuredmedia":[{"embeddable":true,"href":"https:\/\/www.i-tuscany.com\/it\/wp-json\/wp\/v2\/media\/2484"}],"wp:attachment":[{"href":"https:\/\/www.i-tuscany.com\/it\/wp-json\/wp\/v2\/media?parent=224"}],"wp:term":[{"taxonomy":"product_brand","embeddable":true,"href":"https:\/\/www.i-tuscany.com\/it\/wp-json\/wp\/v2\/product_brand?post=224"},{"taxonomy":"product_cat","embeddable":true,"href":"https:\/\/www.i-tuscany.com\/it\/wp-json\/wp\/v2\/product_cat?post=224"},{"taxonomy":"product_tag","embeddable":true,"href":"https:\/\/www.i-tuscany.com\/it\/wp-json\/wp\/v2\/product_tag?post=224"}],"curies":[{"name":"wp","href":"https:\/\/api.w.org\/{rel}","templated":true}]}}