{"id":772,"date":"2019-12-11T08:35:24","date_gmt":"2019-12-11T08:35:24","guid":{"rendered":"https:\/\/www.i-tuscany.com\/?post_type=wine_tasting_tuscany&#038;p=772"},"modified":"2020-12-29T12:04:44","modified_gmt":"2020-12-29T12:04:44","slug":"guida-al-sangiovese","status":"publish","type":"page","link":"https:\/\/www.i-tuscany.com\/it\/guida-al-sangiovese\/","title":{"rendered":"Guida al Sangiovese"},"content":{"rendered":"<p>Potrebbe sorprenderti sapere che il Sangiovese \u00e8 in realt\u00e0 piuttosto scarso al di fuori dell&#8217;Italia. In termini di piantagioni mondiali, il Sangiovese \u00e8 meno abbondante di Mourvedre anche poco conosciuto.\u00a0L&#8217;uva Sangiovese \u00e8 un po &#8216;camaleontica; in quanto altera facilmente la sua genetica per adattarsi all&#8217;ambiente. Esistono diverse mutazioni della variet\u00e0 in tutta Italia, il che si traduce in vini di degustazione molto diversi. Dai delicati aromi floreali di fragola di Montefalco Rosso ai vini intensamente scuri e tannici del Brunello di Montalcino, il Sangiovese ha qualcosa di tutto questo.<\/p>\n<h2>\u00a0La guida definitiva al vino Sangiovese<\/h2>\n<p>Profilo del vino Sangiovese<\/p>\n<p><strong>FRUTTA:<\/strong> Crostata Di Ciliegie, Prugne Rosse, Fragole<br \/>\n<strong>ALTRO:<\/strong> Pepe Arrosto, Pomodoro, Cuoio, Argilla, Mattone, Tabacco, Fumo, Origano, Timo, Rose Secche, Pot-pourri<br \/>\n<strong>ROVERE:<\/strong> S\u00ec.\u00a0 Di solito invecchiamento rovere chiaro in botti di rovere neutro.|<br \/>\n<strong>TANNINO:<\/strong> Alto<br \/>\n<strong>ACIDIT\u00c0:<\/strong> alta<br \/>\n<strong>AGEABILIT\u00c0:<\/strong> S\u00ec. 4-7 anni (normale) e 10-18 anni (Brunello di Montalcino)<\/p>\n<h3>SINONIMI COMUNI E NOMI REGIONALI:<\/h3>\n<p>Vino Nobile di Montepulciano, Prugnolo Gentile, Sangiovese Grosso, Brunello di Montalcino, Nielluccio, Rosso di Montepulciano, Morellino, Rosso di Montalcino, Montefalco Rosso, Chianti, Morellino di Scansano.<\/p>\n<p>Sangiovese Regioni del vino~ 175.000 acri in tutto il mondo (70.820 ettari)<\/p>\n<ul>\n<li>Italia (~ 155.000 acri) Toscana, Umbria, Campania<\/li>\n<li>Corsica (4.800 acri) Patrimonio AOC (Nielluccio)<\/li>\n<li>Argentina (2.010 acri) Mendoza<\/li>\n<li>Stati Uniti (~ 2.000 acri) California, Washington<\/li>\n<li>Romania, Australia e Cile<\/li>\n<\/ul>\n<h2>Il gusto del vino Sangiovese<\/h2>\n<p>A causa della sua capacit\u00e0 di essere un camaleonte, il vino Sangiovese offre una vasta gamma di gusti molto terrosi e rustici, come nel caso del Chianti Classico, a quelli tondi e fruttati. Indipendentemente da dove \u00e8 cresciuto, esibisce sempre sapori di ciliegia con note pi\u00f9 sottili di pomodoro.<\/p>\n<p>Gli aromi vanno verso il sapore di \u00a0ciliegie secche, fichi e rose, soprattutto se il vino \u00e8 pi\u00f9 invecchiato.<\/p>\n","protected":false},"excerpt":{"rendered":"<p>Potrebbe sorprenderti sapere che il Sangiovese \u00e8 in realt\u00e0 piuttosto scarso al di fuori dell&#8217;Italia. In termini di piantagioni mondiali, il Sangiovese \u00e8 meno abbondante di Mourvedre anche poco conosciuto.\u00a0L&#8217;uva Sangiovese \u00e8 un po &#8216;camaleontica; in quanto altera facilmente la sua genetica per adattarsi all&#8217;ambiente. Esistono diverse mutazioni della variet\u00e0 in tutta Italia, il che [&hellip;]<\/p>\n","protected":false},"author":4,"featured_media":0,"parent":0,"menu_order":0,"comment_status":"closed","ping_status":"open","template":"","meta":{"footnotes":""},"class_list":["post-772","page","type-page","status-publish","hentry"],"_links":{"self":[{"href":"https:\/\/www.i-tuscany.com\/it\/wp-json\/wp\/v2\/pages\/772","targetHints":{"allow":["GET"]}}],"collection":[{"href":"https:\/\/www.i-tuscany.com\/it\/wp-json\/wp\/v2\/pages"}],"about":[{"href":"https:\/\/www.i-tuscany.com\/it\/wp-json\/wp\/v2\/types\/page"}],"author":[{"embeddable":true,"href":"https:\/\/www.i-tuscany.com\/it\/wp-json\/wp\/v2\/users\/4"}],"replies":[{"embeddable":true,"href":"https:\/\/www.i-tuscany.com\/it\/wp-json\/wp\/v2\/comments?post=772"}],"version-history":[{"count":0,"href":"https:\/\/www.i-tuscany.com\/it\/wp-json\/wp\/v2\/pages\/772\/revisions"}],"wp:attachment":[{"href":"https:\/\/www.i-tuscany.com\/it\/wp-json\/wp\/v2\/media?parent=772"}],"curies":[{"name":"wp","href":"https:\/\/api.w.org\/{rel}","templated":true}]}}