{"id":771,"date":"2019-12-11T08:30:28","date_gmt":"2019-12-11T08:30:28","guid":{"rendered":"https:\/\/www.i-tuscany.com\/?post_type=wine_tasting_tuscany&#038;p=771"},"modified":"2020-12-29T11:59:28","modified_gmt":"2020-12-29T11:59:28","slug":"san-gimignano-attraverso-i-secoli","status":"publish","type":"page","link":"https:\/\/www.i-tuscany.com\/it\/san-gimignano\/","title":{"rendered":"San Gimignano attraverso i secoli"},"content":{"rendered":"<p>San Gimignano \u00e8 un piccolo borgo medievale nella provincia di Siena con \u00a0un passato ricco e un&#8217;architettura affascinante. Il villaggio di San Gimignano si trova a met\u00e0 strada tra Firenze e Siena, rispettivamente a circa 60 e 45 km da ciascuno ed \u00e8 facilmente raggiungibile in auto e autobus.<\/p>\n<p>La citt\u00e0 fu costruita su una collina a circa 300 metri di altezza e gode quindi di una vista meravigliosa su tutta la valle dell&#8217;Elsa che la circonda. La collina \u00e8 stata abitata fin dal periodo etrusco ed ellenistico, probabilmente a causa della sua posizione dominante che ha permesso un attento controllo della valle sottostante.<\/p>\n<p>Documenti storici risalenti al X secolo menzionano che la citt\u00e0 \u00e8 chiamata in onore di San Geminiano, un vescovo di Modena del IV secolo che si dice abbia salvato la citt\u00e0 dagli Unni invasori.<\/p>\n<p>San Gimignano conobbe il suo periodo pi\u00f9 florido in epoca medievale, a causa del fatto che si trovava lungo la Via Francigena, un&#8217;importante via di pellegrinaggio dell&#8217;epoca che collegava Roma a Canterbury. La citt\u00e0 fu un punto di riferimento centrale per molti commercianti, viaggiatori e, soprattutto, i numerosi fedeli che si recarono in pellegrinaggio a Roma e che avevano bisogno di ospitalit\u00e0 e spesso anche di assistenza.<\/p>\n<p>San Gimignano divenne un comune libero alla fine del 1100. Il XII secolo si rivel\u00f2 essere il suo periodo di massimo splendore. La citt\u00e0 era notevolmente pi\u00f9 ricca e commission\u00f2 vari lavori pubblici.In questo periodo, la citt\u00e0 aveva oltre settanta torri, case che furono costruite dalle molte famiglie benestanti della citt\u00e0 come un modo per mostrare la loro ricchezza e potere..San Gimignano fu governata dai Ghibellini fino al 1255, anno in cui i Guelfi presero il sopravvento e in cui furono demolite le mura della citt\u00e0 originale.<\/p>\n<p>Una volta che trionfarono nella famosa battaglia di Montaperti del 1260, i ghibellini tornarono per controllare la citt\u00e0, ricostruendo e allargando le mura della citt\u00e0.Nel 1300, San Gimignano ospit\u00f2 Dante Alighieri nel suo ruolo di ambasciatore della Lega Guelfa. A met\u00e0 del secolo, la citt\u00e0 fu purtroppo colpita dalla peste e non fu in grado di evitare di cadere sotto il potere di Firenze. San Gimignano inizi\u00f2 quindi un lento declino politico ed economico, sebbene riusc\u00ec a continuare a prosperare artisticamente e culturalmente nei secoli successivi.<\/p>\n<p>Tra i pi\u00f9 importanti ci sono gli affreschi rinascimentali di Domenico Ghirlandaio nella Cappella di Santa Fina, che si trova all&#8217;interno della Collegiata, la chiesa principale di San Gimignano (un tempo cattedrale). Nonostante il passare dei secoli, San Gimignano \u00e8 riuscito a preservare la sua architettura medievale e il suo fascino e oggi \u00e8 senza dubbio uno dei pi\u00f9 piccoli tesori della Toscana. La &#8220;citt\u00e0 delle bellissime torri&#8221;, come viene spesso chiamata, \u00e8 stata riconosciuta patrimonio mondiale dell&#8217;UNESCO dal 1990.<\/p>\n","protected":false},"excerpt":{"rendered":"<p>San Gimignano \u00e8 un piccolo borgo medievale nella provincia di Siena con \u00a0un passato ricco e un&#8217;architettura affascinante. Il villaggio di San Gimignano si trova a met\u00e0 strada tra Firenze e Siena, rispettivamente a circa 60 e 45 km da ciascuno ed \u00e8 facilmente raggiungibile in auto e autobus. La citt\u00e0 fu costruita su una [&hellip;]<\/p>\n","protected":false},"author":4,"featured_media":0,"parent":0,"menu_order":0,"comment_status":"closed","ping_status":"open","template":"","meta":{"footnotes":""},"class_list":["post-771","page","type-page","status-publish","hentry"],"_links":{"self":[{"href":"https:\/\/www.i-tuscany.com\/it\/wp-json\/wp\/v2\/pages\/771","targetHints":{"allow":["GET"]}}],"collection":[{"href":"https:\/\/www.i-tuscany.com\/it\/wp-json\/wp\/v2\/pages"}],"about":[{"href":"https:\/\/www.i-tuscany.com\/it\/wp-json\/wp\/v2\/types\/page"}],"author":[{"embeddable":true,"href":"https:\/\/www.i-tuscany.com\/it\/wp-json\/wp\/v2\/users\/4"}],"replies":[{"embeddable":true,"href":"https:\/\/www.i-tuscany.com\/it\/wp-json\/wp\/v2\/comments?post=771"}],"version-history":[{"count":0,"href":"https:\/\/www.i-tuscany.com\/it\/wp-json\/wp\/v2\/pages\/771\/revisions"}],"wp:attachment":[{"href":"https:\/\/www.i-tuscany.com\/it\/wp-json\/wp\/v2\/media?parent=771"}],"curies":[{"name":"wp","href":"https:\/\/api.w.org\/{rel}","templated":true}]}}