{"id":770,"date":"2019-12-11T08:29:02","date_gmt":"2019-12-11T08:29:02","guid":{"rendered":"https:\/\/www.i-tuscany.com\/?post_type=wine_tasting_tuscany&#038;p=770"},"modified":"2020-12-29T11:59:53","modified_gmt":"2020-12-29T11:59:53","slug":"pecorino-tour-del-formaggio","status":"publish","type":"page","link":"https:\/\/www.i-tuscany.com\/it\/pecorino-tour-del-formaggio\/","title":{"rendered":"Pecorino: Tour del formaggio"},"content":{"rendered":"<p>Uno dei migliori formaggi italiani \u00e8 prodotto in un paesaggio straordinario.<\/p>\n<p>Le Crete Senesi erano un terreno povero e impossibile da coltivare fino all&#8217;avvento delle macchine agricole. Il terreno \u00e8 prevalentemente argilloso (Creta significa argilla) e non irrigato da alcuna acqua di sorgente. Ma allo stesso tempo, ci offre un paesaggio incredibilmente bello. Una terra in cui i pochi abitanti potevano davvero far quadrare i conti allevando pecore e capre, animali leggeri che potevano pascolare e sopravvivere in queste ripide colline. Una terra ostile dove gli agricoltori hanno dovuto specializzarsi nella produzione di formaggi toscani, creando uno dei prodotti tradizionali pi\u00f9 famosi al mondo: il pecorino di Pienza.<\/p>\n<h2>Formaggio pecorino toscano con e senza tartufo<\/h2>\n<p>L&#8217;area delle Crete Senesi ci offre un paesaggio dinamico che cambia con il passare delle stagioni. Le sinuose colline argillose cambiano costantemente colore. Dal colore\u00a0 grigio dell&#8217;inverno, quando nulla cresce su di essi, alle varie sfumature di verde assunte dai cereali per tutto il corso della primavera, per finire poi con un\u00a0 colore dorato del grano maturo in estate.L&#8217;argilla, di per se\u2019 potrebbe contribuire al suolo ricco e fertile, ma fino all&#8217;avvento delle macchine agricole, era impossibile sfruttare i terreni ricchi di argilla per l&#8217;agricoltura.<\/p>\n<p>Durante i periodi umidi l&#8217;argilla assorbe l&#8217;acqua e si espande, mentre nei mesi pi\u00f9 caldi si asciuga e indurisce, dando origine a numerose fessure. Per questo motivo, \u00e8 quasi impossibile vedere vigneti e oliveti in questa zona. Fino ai miglioramenti della terra avvenuti durante l&#8217;epoca fascista, il terreno \u00a0si prestava solo alla pastorizia di pecore e capre. La vegetazione naturale \u00e8 costituita principalmente da arbusti ed erbe molto resistenti, solo per citarne alcuni: assenzio, zampe di uccello, avena selvatica,\u00a0 timo, ginepro, cicoria selvatica e marrubio.<\/p>\n<p>Sembrerebbe che la secchezza dei mesi estivi renda i sapori di queste erbe particolarmente aromatici e pungenti; a sua volta, il latte delle pecore al pascolo assume queste caratteristiche. Insieme al profumo amaro del caglio vegetale ottenuto dall&#8217;essiccazione e dalla macerazione di cardo o fiori di carciofo selvatico, tutto ci\u00f2 rende il Pecorino di Pienza un prodotto unico nel suo genere.Precedentemente noto come Pecorino delle Crete, il Pecorino di Pienza \u00e8 oggi uno dei formaggi italiani pi\u00f9 famosi e rinomati.<\/p>\n<p>Gi\u00e0 in epoca etrusca e romana, furono utilizzate diverse tecniche di produzione del formaggio e molte delle ricette originali furono tramandate ai giorni nostri. Invecchiato in botti di rovere o in sostanze naturali come chicchi di grano, cenere, foglie di noce, pepe nero, peperoncino o paglia, i formaggi assumono un sapore dolce e leggermente amaro allo stesso tempo.Il nostro tour gastronomico toscano si concluder\u00e0 con una visita a Pienza, un tempo conosciuta come Corsignano, la citt\u00e0 ideale che Papa Pio II aveva costruito per celebrare i canoni urbanistici del Rinascimento; \u00e8 stato ribattezzato in suo onore nel 1459.<\/p>\n<p>Qui \u00e8 possibile visitare negozi con oggetti d&#8217;antiquariato e artigiani che lavorano la ceramica, il legno e la\u00a0 pelle, oppure fermarsi in uno dei tanti negozi di specialit\u00e0 alimentari locali per continuare a degustare i formaggi delle fattorie nelle campagne circostanti il \u200b\u200bvillaggio.<\/p>\n","protected":false},"excerpt":{"rendered":"<p>Uno dei migliori formaggi italiani \u00e8 prodotto in un paesaggio straordinario. Le Crete Senesi erano un terreno povero e impossibile da coltivare fino all&#8217;avvento delle macchine agricole. Il terreno \u00e8 prevalentemente argilloso (Creta significa argilla) e non irrigato da alcuna acqua di sorgente. Ma allo stesso tempo, ci offre un paesaggio incredibilmente bello. Una terra [&hellip;]<\/p>\n","protected":false},"author":4,"featured_media":0,"parent":0,"menu_order":0,"comment_status":"closed","ping_status":"open","template":"","meta":{"footnotes":""},"class_list":["post-770","page","type-page","status-publish","hentry"],"_links":{"self":[{"href":"https:\/\/www.i-tuscany.com\/it\/wp-json\/wp\/v2\/pages\/770","targetHints":{"allow":["GET"]}}],"collection":[{"href":"https:\/\/www.i-tuscany.com\/it\/wp-json\/wp\/v2\/pages"}],"about":[{"href":"https:\/\/www.i-tuscany.com\/it\/wp-json\/wp\/v2\/types\/page"}],"author":[{"embeddable":true,"href":"https:\/\/www.i-tuscany.com\/it\/wp-json\/wp\/v2\/users\/4"}],"replies":[{"embeddable":true,"href":"https:\/\/www.i-tuscany.com\/it\/wp-json\/wp\/v2\/comments?post=770"}],"version-history":[{"count":0,"href":"https:\/\/www.i-tuscany.com\/it\/wp-json\/wp\/v2\/pages\/770\/revisions"}],"wp:attachment":[{"href":"https:\/\/www.i-tuscany.com\/it\/wp-json\/wp\/v2\/media?parent=770"}],"curies":[{"name":"wp","href":"https:\/\/api.w.org\/{rel}","templated":true}]}}