{"id":378,"date":"2019-10-09T11:36:56","date_gmt":"2019-10-09T11:36:56","guid":{"rendered":"https:\/\/i-tuscany.com\/?page_id=378"},"modified":"2020-06-08T07:56:30","modified_gmt":"2020-06-08T07:56:30","slug":"about","status":"publish","type":"page","link":"https:\/\/www.i-tuscany.com\/it\/chi-siamo\/","title":{"rendered":"Chi siamo"},"content":{"rendered":"\t\t<div data-elementor-type=\"wp-page\" data-elementor-id=\"378\" class=\"elementor elementor-378\" data-elementor-post-type=\"page\">\n\t\t\t\t\t\t<section class=\"elementor-section elementor-top-section elementor-element elementor-element-d9cb6ac elementor-section-height-min-height elementor-section-items-top elementor-section-boxed elementor-section-height-default\" data-id=\"d9cb6ac\" data-element_type=\"section\" data-e-type=\"section\">\n\t\t\t\t\t\t\t<div class=\"elementor-background-overlay\"><\/div>\n\t\t\t\t\t\t\t<div class=\"elementor-container elementor-column-gap-default\">\n\t\t\t\t\t<div class=\"elementor-column elementor-col-50 elementor-top-column elementor-element elementor-element-2ddcede\" data-id=\"2ddcede\" data-element_type=\"column\" data-e-type=\"column\">\n\t\t\t<div class=\"elementor-widget-wrap elementor-element-populated\">\n\t\t\t\t\t\t<div class=\"elementor-element elementor-element-5e5efed elementor-widget elementor-widget-heading\" data-id=\"5e5efed\" data-element_type=\"widget\" data-e-type=\"widget\" data-widget_type=\"heading.default\">\n\t\t\t\t<div class=\"elementor-widget-container\">\n\t\t\t\t\t<h2 class=\"elementor-heading-title elementor-size-default\">i-Tuscany.com \u00e8 il sito \ne-commerce dove comperare Vini Toscani, Olio biologico e prodotti tipici toscani<\/h2>\t\t\t\t<\/div>\n\t\t\t\t<\/div>\n\t\t\t\t<div class=\"elementor-element elementor-element-91a3b1a elementor-widget elementor-widget-text-editor\" data-id=\"91a3b1a\" data-element_type=\"widget\" data-e-type=\"widget\" data-widget_type=\"text-editor.default\">\n\t\t\t\t<div class=\"elementor-widget-container\">\n\t\t\t\t\t\t\t\t\ti-Tuscany.com \u00e8 il sito e-commerce dove comperare Vini Toscani\u00a0di grande qualit\u00e0,\u00a0Prodotti Tipici Toscani\u00a0gustosi e\u00a0Articoli per la Casa\u00a0utili per la vostra cucina e la vostra tavola.\n\nAmiamo la nostra Regione, una delle pi\u00f9 belle d&#8217;Italia, il cuore di incredibili paesaggi, spiagge e montagne, stupende citt\u00e0 e culla di artisti incomparabili come Leonardo da Vinci, Galileo Galilei, Michelangelo, Dante Alighieri, Boccaccio&#8230;\n\nLa ricchezza di questa particolare Regione Italiana \u00e8 apprezzabile anche nei frutti del suo stesso territorio. Cio&#8217; che intendiamo condividere con i nostri clienti \u00e8 esattamente questo; ogni qualvolta che assaggerete i nostri vini ad esempio, starete facendo un brindisi a tutti quegli artisti e personalit\u00e0 che hanno modellato la Toscana per secoli.\t\t\t\t\t\t\t\t<\/div>\n\t\t\t\t<\/div>\n\t\t\t\t\t<\/div>\n\t\t<\/div>\n\t\t\t\t<div class=\"elementor-column elementor-col-50 elementor-top-column elementor-element elementor-element-24f92f7\" data-id=\"24f92f7\" data-element_type=\"column\" data-e-type=\"column\" data-settings=\"{&quot;background_background&quot;:&quot;classic&quot;}\">\n\t\t\t<div class=\"elementor-widget-wrap elementor-element-populated\">\n\t\t\t\t\t\t<div class=\"elementor-element elementor-element-00d1b05 elementor-widget elementor-widget-image\" data-id=\"00d1b05\" data-element_type=\"widget\" data-e-type=\"widget\" data-widget_type=\"image.default\">\n\t\t\t\t<div class=\"elementor-widget-container\">\n\t\t\t\t\t\t\t\t\t\t\t\t\t\t\t<img fetchpriority=\"high\" decoding=\"async\" width=\"406\" height=\"610\" src=\"https:\/\/www.i-tuscany.com\/wp-content\/uploads\/2019\/11\/vini-toscani.jpg\" class=\"attachment-large size-large wp-image-673\" alt=\"vini toscani a solatio\" srcset=\"https:\/\/www.i-tuscany.com\/wp-content\/uploads\/2019\/11\/vini-toscani.jpg 406w, https:\/\/www.i-tuscany.com\/wp-content\/uploads\/2019\/11\/vini-toscani-200x300.jpg 200w\" sizes=\"(max-width: 406px) 100vw, 406px\" \/>\t\t\t\t\t\t\t\t\t\t\t\t\t\t\t<\/div>\n\t\t\t\t<\/div>\n\t\t\t\t\t<\/div>\n\t\t<\/div>\n\t\t\t\t\t<\/div>\n\t\t<\/section>\n\t\t\t\t<section class=\"elementor-section elementor-top-section elementor-element elementor-element-45fd7bd elementor-section-height-min-height elementor-section-items-top elementor-section-boxed elementor-section-height-default\" data-id=\"45fd7bd\" data-element_type=\"section\" data-e-type=\"section\">\n\t\t\t\t\t\t\t<div class=\"elementor-background-overlay\"><\/div>\n\t\t\t\t\t\t\t<div class=\"elementor-container elementor-column-gap-default\">\n\t\t\t\t\t<div class=\"elementor-column elementor-col-100 elementor-top-column elementor-element elementor-element-72f4db0\" data-id=\"72f4db0\" data-element_type=\"column\" data-e-type=\"column\">\n\t\t\t<div class=\"elementor-widget-wrap elementor-element-populated\">\n\t\t\t\t\t\t<div class=\"elementor-element elementor-element-d1e6475 elementor-widget elementor-widget-text-editor\" data-id=\"d1e6475\" data-element_type=\"widget\" data-e-type=\"widget\" data-widget_type=\"text-editor.default\">\n\t\t\t\t<div class=\"elementor-widget-container\">\n\t\t\t\t\t\t\t\t\t\n\n\nOggi in Toscana, vi sono moltissimi artisti sconosciuti che producono prodotti genuini Toscani con molta passione e amore per cio&#8217; che fanno. Questo \u00e8 il tipo di persone e prodotti che intendiamo proporvi su i-Tuscany.com\n\nSe poi volete vivere in pieno un&#8217;esperienza Toscana, allora dovreste tentare di avere un posto per una degustazione di vini e prodotti tipici toscani o una cena esclusiva al nostro palco sopra le vigne: un luogo unico ed incantevole, circondato da rumori, profumi e natura Toscana; noi penseremo ad aggiungerci del sapore&#8230;!\t\t\t\t\t\t\t\t<\/div>\n\t\t\t\t<\/div>\n\t\t\t\t\t<\/div>\n\t\t<\/div>\n\t\t\t\t\t<\/div>\n\t\t<\/section>\n\t\t\t\t<section class=\"elementor-section elementor-top-section elementor-element elementor-element-d76d3b5 elementor-section-height-min-height elementor-section-items-top elementor-section-boxed elementor-section-height-default\" data-id=\"d76d3b5\" data-element_type=\"section\" data-e-type=\"section\">\n\t\t\t\t\t\t\t<div class=\"elementor-background-overlay\"><\/div>\n\t\t\t\t\t\t\t<div class=\"elementor-container elementor-column-gap-default\">\n\t\t\t\t\t<div class=\"elementor-column elementor-col-50 elementor-top-column elementor-element elementor-element-d9b5e70\" data-id=\"d9b5e70\" data-element_type=\"column\" data-e-type=\"column\">\n\t\t\t<div class=\"elementor-widget-wrap elementor-element-populated\">\n\t\t\t\t\t\t<div class=\"elementor-element elementor-element-cf48796 elementor-widget elementor-widget-heading\" data-id=\"cf48796\" data-element_type=\"widget\" data-e-type=\"widget\" data-widget_type=\"heading.default\">\n\t\t\t\t<div class=\"elementor-widget-container\">\n\t\t\t\t\t<h2 class=\"elementor-heading-title elementor-size-default\">CHI SIAMO<\/h2>\t\t\t\t<\/div>\n\t\t\t\t<\/div>\n\t\t\t\t\t<\/div>\n\t\t<\/div>\n\t\t\t\t\t<\/div>\n\t\t<\/section>\n\t\t\t\t<section class=\"elementor-section elementor-top-section elementor-element elementor-element-cee1f1a elementor-section-height-min-height elementor-section-items-top elementor-section-boxed elementor-section-height-default\" data-id=\"cee1f1a\" data-element_type=\"section\" data-e-type=\"section\">\n\t\t\t\t\t\t\t<div class=\"elementor-background-overlay\"><\/div>\n\t\t\t\t\t\t\t<div class=\"elementor-container elementor-column-gap-default\">\n\t\t\t\t\t<div class=\"elementor-column elementor-col-50 elementor-top-column elementor-element elementor-element-1b1699e\" data-id=\"1b1699e\" data-element_type=\"column\" data-e-type=\"column\">\n\t\t\t<div class=\"elementor-widget-wrap elementor-element-populated\">\n\t\t\t\t\t\t<div class=\"elementor-element elementor-element-3e99212 elementor-widget elementor-widget-text-editor\" data-id=\"3e99212\" data-element_type=\"widget\" data-e-type=\"widget\" data-widget_type=\"text-editor.default\">\n\t\t\t\t<div class=\"elementor-widget-container\">\n\t\t\t\t\t\t\t\t\t<p>Certaldo. Era il 1921, quando\u00a0<strong>Emilio Viani<\/strong>\u00a0inizio&#8217; la sua carriera come mediatore di bestiame facendosi un nome sul mercato, sia per la sua rigorosa e competente selezione di buoi e vacche, che per la sua correttezza nella negoziazione in un momento in cui gli affari si concludevano con una promessa e una stretta di mano. Molti dei contratti di mediazione in giro passavano dalle sue mani guadagnandosi cosi&#8217; il soprannome di &#8221; grenata &#8221; (la scopa) dato\u00a0che ramazzava tutto ci\u00f2 che di buono c\u2019era da concludere sulla piazza. Gli affari andavano bene e, dopo la fine della seconda guerra mondiale, suo figlio\u00a0<strong>Danilo<\/strong>\u00a0passo&#8217; al commercio all&#8217;ingrosso di carni bovine macellate ampliando cosi&#8217; la sua attivit\u00e0 in tutta la Toscana .<\/p><p>Negli stessi anni le famiglie Zanoboni e Mazzucchielli, che abitavano su due colline prospicienti a pochi km da Certaldo, portavano avanti una lunga tradizione agricola nella produzione di vino e olio extravergine di oliva;\u00a0<strong>Umberto Zanoboni<\/strong>\u00a0e\u00a0<strong>Amendola Mazzucchielli<\/strong>\u00a0unirono i loro destini e costruirono la loro casa esattamente a met\u00e0 strada tra le rispettive colline. E negli anni &#8217;50 ebbero due figlie: Donella e Antonella..<\/p>\t\t\t\t\t\t\t\t<\/div>\n\t\t\t\t<\/div>\n\t\t\t\t\t<\/div>\n\t\t<\/div>\n\t\t\t\t<div class=\"elementor-column elementor-col-50 elementor-top-column elementor-element elementor-element-074b0d7\" data-id=\"074b0d7\" data-element_type=\"column\" data-e-type=\"column\">\n\t\t\t<div class=\"elementor-widget-wrap elementor-element-populated\">\n\t\t\t\t\t\t<div class=\"elementor-element elementor-element-8cf8f2f elementor-widget elementor-widget-text-editor\" data-id=\"8cf8f2f\" data-element_type=\"widget\" data-e-type=\"widget\" data-widget_type=\"text-editor.default\">\n\t\t\t\t<div class=\"elementor-widget-container\">\n\t\t\t\t\t\t\t\t\t<p>Anni dopo,&nbsp;<strong>Raffaello Viani<\/strong>, figlio di Danilo, continuo&#8217; l&#8217;attivit\u00e0 di famiglia nel settore alimentare con l&#8217;apertura di un piccolo Salumificio artigianale ed il commercio di formaggio Pecorino Toscano e altre prelibatezze toscane.<\/p>\n<p>Nel frattempo,&nbsp;<strong>Donella Zanoboni<\/strong>&nbsp;aiutava i suoi genitori nella loro fattoria mentre portava a termine i suoi studi magistrali, finch\u00e9 un giorno&#8230; nel 1974, Raffaello le Donella si incontrarono ed iniziarono una storia d&#8217;amore che sboccio&#8217; in un matrimonio.<\/p>\n<p>Da allora,&nbsp;<strong>Raffaello e Donella<\/strong>&nbsp;si occupano di selezionare i migliori prodotti tipici toscani nel settore gastronomico, proseguendo, allo stesso tempo, l\u2019attivit\u00e0 di produzione vinicola ed olivicola di sicura qualit\u00e0, riunendo cos\u00ec in una unica iniziativa, l\u2019esperienza che tre generazioni hanno maturato sulla terra di Toscana nel settore agroalimentare.<\/p>\n<p class=\"p2\"><img decoding=\"async\" title=\"Raffaello Viani &amp; Donella Zanoboni\" src=\"http:\/\/web.archive.org\/web\/20190201225459im_\/https:\/\/i-tuscany.com\/media\/wysiwyg\/porto\/blog\/02\/raffaello_donellabis.jpg\" alt=\"Raffaello Viani &amp; Donella Zanoboni\"><\/p>\n<p>A testimonianza della qualit\u00e0 di queste prelibatezze, i loro sforzi sono tuttora sotto l&#8217;attento occhio di Umberto Zanoboni che continua a viaggiare tra le colline certaldesi nella sua auto preferita, alimentata dal suo olio di oliva e un po&#8217; del suo vino Sangiovese, alla veneranda et\u00e0 di 97 anni.<\/p>\t\t\t\t\t\t\t\t<\/div>\n\t\t\t\t<\/div>\n\t\t\t\t\t<\/div>\n\t\t<\/div>\n\t\t\t\t\t<\/div>\n\t\t<\/section>\n\t\t\t\t<section class=\"elementor-section elementor-top-section elementor-element elementor-element-4c7947b elementor-section-boxed elementor-section-height-default elementor-section-height-default\" data-id=\"4c7947b\" data-element_type=\"section\" data-e-type=\"section\">\n\t\t\t\t\t\t<div class=\"elementor-container elementor-column-gap-default\">\n\t\t\t\t\t<div class=\"elementor-column elementor-col-100 elementor-top-column elementor-element elementor-element-2f8cf60\" data-id=\"2f8cf60\" data-element_type=\"column\" data-e-type=\"column\">\n\t\t\t<div class=\"elementor-widget-wrap elementor-element-populated\">\n\t\t\t\t\t\t<div class=\"elementor-element elementor-element-1ce1fef elementor-widget elementor-widget-heading\" data-id=\"1ce1fef\" data-element_type=\"widget\" data-e-type=\"widget\" data-widget_type=\"heading.default\">\n\t\t\t\t<div class=\"elementor-widget-container\">\n\t\t\t\t\t<h2 class=\"elementor-heading-title elementor-size-default\">LA TOSCANA: IN\u00a0DUE PAROLE<\/h2>\t\t\t\t<\/div>\n\t\t\t\t<\/div>\n\t\t\t\t\t<\/div>\n\t\t<\/div>\n\t\t\t\t\t<\/div>\n\t\t<\/section>\n\t\t\t\t<section class=\"elementor-section elementor-top-section elementor-element elementor-element-189246c elementor-section-boxed elementor-section-height-default elementor-section-height-default\" data-id=\"189246c\" data-element_type=\"section\" data-e-type=\"section\">\n\t\t\t\t\t\t<div class=\"elementor-container elementor-column-gap-default\">\n\t\t\t\t\t<div class=\"elementor-column elementor-col-50 elementor-top-column elementor-element elementor-element-e3b8f65\" data-id=\"e3b8f65\" data-element_type=\"column\" data-e-type=\"column\">\n\t\t\t<div class=\"elementor-widget-wrap\">\n\t\t\t\t\t\t\t<\/div>\n\t\t<\/div>\n\t\t\t\t<div class=\"elementor-column elementor-col-50 elementor-top-column elementor-element elementor-element-9f07178\" data-id=\"9f07178\" data-element_type=\"column\" data-e-type=\"column\">\n\t\t\t<div class=\"elementor-widget-wrap elementor-element-populated\">\n\t\t\t\t\t\t<div class=\"elementor-element elementor-element-a23e8c8 elementor-widget elementor-widget-text-editor\" data-id=\"a23e8c8\" data-element_type=\"widget\" data-e-type=\"widget\" data-widget_type=\"text-editor.default\">\n\t\t\t\t<div class=\"elementor-widget-container\">\n\t\t\t\t\t\t\t\t\t<p>Raffaello<br \/>Per oltre quaranta anni ho lavorato nel settore eno gastronomico in Toscana; amo il mio territorio, le mie terre e le persone che rendono la Toscana cosi&#8217; speciale. Penso che la PASSIONE per cio&#8217; che faccio e la PAZIENZA nel continuare in questo mestiere che domanda molta energia, siano le due parole che riassumono il mio lavoro e impegno per i-Tuscany.com e i marchi che ho creato.<\/p>\t\t\t\t\t\t\t\t<\/div>\n\t\t\t\t<\/div>\n\t\t\t\t\t<\/div>\n\t\t<\/div>\n\t\t\t\t\t<\/div>\n\t\t<\/section>\n\t\t\t\t<section class=\"elementor-section elementor-top-section elementor-element elementor-element-3be6843 elementor-section-boxed elementor-section-height-default elementor-section-height-default\" data-id=\"3be6843\" data-element_type=\"section\" data-e-type=\"section\">\n\t\t\t\t\t\t<div class=\"elementor-container elementor-column-gap-default\">\n\t\t\t\t\t<div class=\"elementor-column elementor-col-50 elementor-top-column elementor-element elementor-element-7750f19\" data-id=\"7750f19\" data-element_type=\"column\" data-e-type=\"column\">\n\t\t\t<div class=\"elementor-widget-wrap\">\n\t\t\t\t\t\t\t<\/div>\n\t\t<\/div>\n\t\t\t\t<div class=\"elementor-column elementor-col-50 elementor-top-column elementor-element elementor-element-c840070\" data-id=\"c840070\" data-element_type=\"column\" data-e-type=\"column\">\n\t\t\t<div class=\"elementor-widget-wrap elementor-element-populated\">\n\t\t\t\t\t\t<div class=\"elementor-element elementor-element-cd0e3ce elementor-widget elementor-widget-text-editor\" data-id=\"cd0e3ce\" data-element_type=\"widget\" data-e-type=\"widget\" data-widget_type=\"text-editor.default\">\n\t\t\t\t<div class=\"elementor-widget-container\">\n\t\t\t\t\t\t\t\t\t<p>Donella<br \/>Da insegnate elementare ad artista artigiana a Certaldo Alto. Sono profondamente legata alla Toscana cosi&#8217; come lo sono i miei genitori ultra novantenni le cui rispettive famiglie hanno avuto le nostre terre da secoli. Negli ultimi venti anno ho creato il marchio Stelle &amp; Stalle e sono stata ospite numerose volte ai programmi televisivi su Rai1 e La7, per testimoniare e presentare le tradizioni contadine Toscane in chiave artistica. La Toscana per me \u00e8 una terra d&#8217;ARTE e d&#8217;ARTISTI. Queste le due parole che riassumono la mia Toscana e il mio contributo per i-Tuscany.com<\/p>\t\t\t\t\t\t\t\t<\/div>\n\t\t\t\t<\/div>\n\t\t\t\t\t<\/div>\n\t\t<\/div>\n\t\t\t\t\t<\/div>\n\t\t<\/section>\n\t\t\t\t<section class=\"elementor-section elementor-top-section elementor-element elementor-element-f48ce3d elementor-section-boxed elementor-section-height-default elementor-section-height-default\" data-id=\"f48ce3d\" data-element_type=\"section\" data-e-type=\"section\">\n\t\t\t\t\t\t<div class=\"elementor-container elementor-column-gap-default\">\n\t\t\t\t\t<div class=\"elementor-column elementor-col-50 elementor-top-column elementor-element elementor-element-045a924\" data-id=\"045a924\" data-element_type=\"column\" data-e-type=\"column\">\n\t\t\t<div class=\"elementor-widget-wrap\">\n\t\t\t\t\t\t\t<\/div>\n\t\t<\/div>\n\t\t\t\t<div class=\"elementor-column elementor-col-50 elementor-top-column elementor-element elementor-element-08acd7f\" data-id=\"08acd7f\" data-element_type=\"column\" data-e-type=\"column\">\n\t\t\t<div class=\"elementor-widget-wrap elementor-element-populated\">\n\t\t\t\t\t\t<div class=\"elementor-element elementor-element-b835b76 elementor-widget elementor-widget-text-editor\" data-id=\"b835b76\" data-element_type=\"widget\" data-e-type=\"widget\" data-widget_type=\"text-editor.default\">\n\t\t\t\t<div class=\"elementor-widget-container\">\n\t\t\t\t\t\t\t\t\t<p><strong>Marco<\/strong><br \/>Da oltre 15 anni vivo all&#8217;estero. Parigi, Bonn, Sydney, Tunisi, Casablanca ed ho viaggiato in tutto il mondo. Posso tranquillamente affermare con cognizione di causa che la Toscana sia il territorio piu AFFASCINANTE e il piu VIVIBILE in assoluto. Lavorare per il marketing di i-Tuscany.com significa per me mantenere un ponte che mi ravvicini ogni giorno alla mia Toscana.<\/p>\t\t\t\t\t\t\t\t<\/div>\n\t\t\t\t<\/div>\n\t\t\t\t\t<\/div>\n\t\t<\/div>\n\t\t\t\t\t<\/div>\n\t\t<\/section>\n\t\t\t\t<section class=\"elementor-section elementor-top-section elementor-element elementor-element-4bb2b494 elementor-section-boxed elementor-section-height-default elementor-section-height-default\" data-id=\"4bb2b494\" data-element_type=\"section\" data-e-type=\"section\" data-settings=\"{&quot;background_background&quot;:&quot;classic&quot;}\">\n\t\t\t\t\t\t<div class=\"elementor-container elementor-column-gap-default\">\n\t\t\t\t\t<div class=\"elementor-column elementor-col-100 elementor-top-column elementor-element elementor-element-43db163\" data-id=\"43db163\" data-element_type=\"column\" data-e-type=\"column\">\n\t\t\t<div class=\"elementor-widget-wrap elementor-element-populated\">\n\t\t\t\t\t\t<div class=\"elementor-element elementor-element-ba3a640 elementor-widget elementor-widget-text-editor\" data-id=\"ba3a640\" data-element_type=\"widget\" data-e-type=\"widget\" data-widget_type=\"text-editor.default\">\n\t\t\t\t<div class=\"elementor-widget-container\">\n\t\t\t\t\t\t\t\t\t<div class=\"row\"><div class=\"row-wrapper container \">\u00a0<\/div><\/div><div class=\"row\"><div class=\"row-wrapper container \"><div class=\"row\"><div class=\"col-md-8\"><p>DIETRO LE QUINTE<\/p><\/div><\/div><\/div><\/div><div class=\"row\"><div class=\"row-wrapper container \"><div class=\"row\"><div class=\"col-md-12\"><hr class=\"tall\" \/><\/div><\/div><\/div><\/div><div class=\"row\"><div class=\"row-wrapper container \"><div class=\"row\"><div class=\"col-md-12\"><h3 class=\"push-top\">LA TOSCANA: IN\u00a0<strong>DUE PAROLE<\/strong><\/h3><\/div><\/div><\/div><\/div><div class=\"row\"><div class=\"row-wrapper container \"><div class=\"row\"><div class=\"col-md-12\"><div class=\"history wow fadeInUp\"><div class=\"thumb\"><img decoding=\"async\" class=\"attachment-thumbnail\" src=\"http:\/\/web.archive.org\/web\/20190201225459im_\/https:\/\/i-tuscany.com\/media\/wysiwyg\/porto\/aboutus\/150x150raffaello.jpg\" alt=\"raffaello viani\" width=\"150\" height=\"150\" \/><\/div><div class=\"featured-box\"><div class=\"box-content\"><h5><strong>Raffaello<\/strong><\/h5><p>Per oltre quaranta anni ho lavorato nel settore eno gastronomico in Toscana; amo il mio territorio, le mie terre e le persone che rendono la Toscana cosi&#8217; speciale. Penso che la\u00a0<strong>PASSIONE<\/strong>\u00a0per cio&#8217; che faccio e la\u00a0<strong>PAZIENZA<\/strong>\u00a0nel continuare in questo mestiere che domanda molta energia, siano le due parole che riassumono il mio lavoro e impegno per i-Tuscany.com e i marchi che ho creato.<\/p><\/div><\/div><\/div><div class=\"history wow fadeInUp\"><div class=\"thumb\"><img decoding=\"async\" class=\"attachment-thumbnail\" src=\"http:\/\/web.archive.org\/web\/20190201225459im_\/https:\/\/i-tuscany.com\/media\/wysiwyg\/porto\/aboutus\/150x150donella.jpg\" alt=\"donella zanoboni\" width=\"150\" height=\"150\" \/><\/div><div class=\"featured-box\"><div class=\"box-content\"><h5><strong>Donella<\/strong><\/h5><p>Da insegnate elementare ad artista artigiana a Certaldo Alto. Sono profondamente legata alla Toscana cosi&#8217; come lo sono i miei genitori ultra novantenni le cui rispettive famiglie hanno avuto le nostre terre da secoli. Negli ultimi venti anno ho creato il marchio Stelle &amp; Stalle e sono stata ospite numerose volte ai programmi televisivi su Rai1 e La7, per testimoniare e presentare le tradizioni contadine Toscane in chiave artistica. La Toscana per me \u00e8 una terra d&#8217;<strong>ARTE<\/strong>\u00a0e d&#8217;<strong>ARTISTI<\/strong>. Queste le due parole che riassumono la mia Toscana e il mio contributo per i-Tuscany.com<\/p><\/div><\/div><\/div><div class=\"history wow fadeInUp\"><div class=\"thumb\"><img loading=\"lazy\" decoding=\"async\" class=\"attachment-thumbnail\" src=\"http:\/\/web.archive.org\/web\/20190201225459im_\/https:\/\/i-tuscany.com\/media\/wysiwyg\/porto\/aboutus\/150x150marco.jpg\" alt=\"marco\" width=\"150\" height=\"150\" \/><\/div><div class=\"featured-box\"><div class=\"box-content\"><h5><strong>Marco<\/strong><\/h5><p>Da oltre 15 anni vivo all&#8217;estero. Parigi, Bonn, Sydney, Tunisi, Casablanca ed ho viaggiato in tutto il mondo. Posso tranquillamente affermare con cognizione di causa che la Toscana sia il territorio piu\u00a0<strong>AFFASCINANTE<\/strong>\u00a0e il piu\u00a0<strong>VIVIBILE<\/strong>\u00a0in assoluto. Lavorare per il marketing di i-Tuscany.com significa per me mantenere un ponte che mi ravvicini ogni giorno alla mia Toscana.<\/p><\/div><\/div><\/div><\/div><\/div><\/div><\/div>\t\t\t\t\t\t\t\t<\/div>\n\t\t\t\t<\/div>\n\t\t\t\t\t<\/div>\n\t\t<\/div>\n\t\t\t\t\t<\/div>\n\t\t<\/section>\n\t\t\t\t<\/div>\n\t\t","protected":false},"excerpt":{"rendered":"<p>i-Tuscany.com \u00e8 il sito e-commerce dove comperare Vini Toscani, Olio biologico e prodotti tipici toscani i-Tuscany.com \u00e8 il sito e-commerce dove comperare Vini Toscani\u00a0di grande qualit\u00e0,\u00a0Prodotti Tipici Toscani\u00a0gustosi e\u00a0Articoli per la Casa\u00a0utili per la vostra cucina e la vostra tavola. Amiamo la nostra Regione, una delle pi\u00f9 belle d&#8217;Italia, il cuore di incredibili paesaggi, spiagge [&hellip;]<\/p>\n","protected":false},"author":4,"featured_media":0,"parent":0,"menu_order":0,"comment_status":"closed","ping_status":"closed","template":"elementor_header_footer","meta":{"footnotes":""},"class_list":["post-378","page","type-page","status-publish","hentry"],"_links":{"self":[{"href":"https:\/\/www.i-tuscany.com\/it\/wp-json\/wp\/v2\/pages\/378","targetHints":{"allow":["GET"]}}],"collection":[{"href":"https:\/\/www.i-tuscany.com\/it\/wp-json\/wp\/v2\/pages"}],"about":[{"href":"https:\/\/www.i-tuscany.com\/it\/wp-json\/wp\/v2\/types\/page"}],"author":[{"embeddable":true,"href":"https:\/\/www.i-tuscany.com\/it\/wp-json\/wp\/v2\/users\/4"}],"replies":[{"embeddable":true,"href":"https:\/\/www.i-tuscany.com\/it\/wp-json\/wp\/v2\/comments?post=378"}],"version-history":[{"count":0,"href":"https:\/\/www.i-tuscany.com\/it\/wp-json\/wp\/v2\/pages\/378\/revisions"}],"wp:attachment":[{"href":"https:\/\/www.i-tuscany.com\/it\/wp-json\/wp\/v2\/media?parent=378"}],"curies":[{"name":"wp","href":"https:\/\/api.w.org\/{rel}","templated":true}]}}